{"id":66,"date":"2024-07-22T11:13:44","date_gmt":"2024-07-22T11:13:44","guid":{"rendered":"https:\/\/kunstschuleluzern.ch\/?page_id=66"},"modified":"2024-07-22T11:14:08","modified_gmt":"2024-07-22T11:14:08","slug":"66-2","status":"publish","type":"page","link":"https:\/\/kunstschuleluzern.ch\/","title":{"rendered":"Home"},"content":{"rendered":"<p>[et_pb_section fb_built=&#8220;1&#8243; _builder_version=&#8220;4.26.1&#8243; _module_preset=&#8220;default&#8220; global_colors_info=&#8220;{}&#8220; theme_builder_area=&#8220;post_content&#8220;][et_pb_row _builder_version=&#8220;4.26.1&#8243; _module_preset=&#8220;default&#8220; global_colors_info=&#8220;{}&#8220; theme_builder_area=&#8220;post_content&#8220;][et_pb_column type=&#8220;4_4&#8243; _builder_version=&#8220;4.26.1&#8243; _module_preset=&#8220;default&#8220; global_colors_info=&#8220;{}&#8220; theme_builder_area=&#8220;post_content&#8220;][et_pb_heading title=&#8220;Gestalterischer Vorkurs &#038; Gestalterisches Prop\u00e4deutikum&#8220; _builder_version=&#8220;4.26.1&#8243; _module_preset=&#8220;default&#8220; title_level=&#8220;h2&#8243; title_font=&#8220;Arial|600|||||||&#8220; title_font_size=&#8220;38px&#8220; global_colors_info=&#8220;{}&#8220; theme_builder_area=&#8220;post_content&#8220;][\/et_pb_heading][\/et_pb_column][\/et_pb_row][et_pb_row column_structure=&#8220;1_2,1_2&#8243; _builder_version=&#8220;4.26.1&#8243; _module_preset=&#8220;default&#8220; global_colors_info=&#8220;{}&#8220; theme_builder_area=&#8220;post_content&#8220;][et_pb_column type=&#8220;1_2&#8243; _builder_version=&#8220;4.26.1&#8243; _module_preset=&#8220;default&#8220; global_colors_info=&#8220;{}&#8220; theme_builder_area=&#8220;post_content&#8220;][et_pb_cta title=&#8220;Gestalterischer Vorkurs&#8220; button_text=&#8220;Klicks&#8220; _builder_version=&#8220;4.26.1&#8243; _module_preset=&#8220;default&#8220; header_font=&#8220;Arial|600||on|||||&#8220; header_text_align=&#8220;left&#8220; header_font_size=&#8220;32px&#8220; header_letter_spacing=&#8220;2px&#8220; header_line_height=&#8220;1.1em&#8220; body_font=&#8220;|600|||||||&#8220; body_text_align=&#8220;left&#8220; body_font_size=&#8220;22px&#8220; body_letter_spacing=&#8220;1px&#8220; body_line_height=&#8220;1.8em&#8220; background_color=&#8220;#9b9b9b&#8220; background_image=&#8220;https:\/\/kunstschuleluzern.ch\/wp-content\/uploads\/2024\/07\/pexels-shkrabaanthony-4442088-1-scaled-1.jpg&#8220; background_position=&#8220;top_center&#8220; background_vertical_offset=&#8220;22%&#8220; background_blend=&#8220;multiply&#8220; text_orientation=&#8220;left&#8220; link_option_url=&#8220;https:\/\/kunstschule.org\/vorkurs\/&#8220; header_font_size_tablet=&#8220;32px&#8220; header_font_size_phone=&#8220;22px&#8220; header_font_size_last_edited=&#8220;on|desktop&#8220; body_font_size_tablet=&#8220;22px&#8220; body_font_size_phone=&#8220;16px&#8220; body_font_size_last_edited=&#8220;on|phone&#8220; global_colors_info=&#8220;{}&#8220; background__hover_enabled=&#8220;on|desktop&#8220; background_color__hover=&#8220;#606060&#8243; background_enable_color__hover=&#8220;on&#8220; header_font_size__hover_enabled=&#8220;off|desktop&#8220; body_font_size__hover_enabled=&#8220;on|desktop&#8220; body_font_size__hover=&#8220;22px&#8220; theme_builder_area=&#8220;post_content&#8220;]<\/p>\n<div class=\"elementor-element elementor-element-488011c e-flex e-con-boxed e-con e-child\" data-id=\"488011c\" data-element_type=\"container\">\n<div class=\"e-con-inner\">\n<div class=\"elementor-element elementor-element-c6be071 elementor-widget elementor-widget-text-editor\" data-id=\"c6be071\" data-element_type=\"widget\" data-widget_type=\"text-editor.default\">\n<div class=\"elementor-widget-container\">\n<p>Der Vorkurs ist spezifisch auf Schulabg\u00e4nger*Innen zugeschnitten und bereitet im Anschluss nach der obligatorischen Schulzeit auf eine gestalterische Berufslehre vor. Du lernst innerhalb des Vorkurses wichtige Techniken und Arbeitsweisen, welche f\u00fcr die Gestaltungsindustrie rlevant und wichtig sind.<\/p>\n<\/div>\n<\/div>\n<\/div>\n<\/div>\n<p>[\/et_pb_cta][\/et_pb_column][et_pb_column type=&#8220;1_2&#8243; _builder_version=&#8220;4.26.1&#8243; _module_preset=&#8220;default&#8220; global_colors_info=&#8220;{}&#8220; theme_builder_area=&#8220;post_content&#8220;][et_pb_cta title=&#8220;Gestalterisches Prop\u00e4deutikum&#8220; button_text=&#8220;Klicks&#8220; content_tablet=&#8220;<\/p>\n<div class=%22elementor-element elementor-element-488011c e-flex e-con-boxed e-con e-child%22 data-id=%22488011c%22 data-element_type=%22container%22>\n<div class=%22e-con-inner%22>\n<div class=%22elementor-element elementor-element-c6be071 elementor-widget elementor-widget-text-editor%22 data-id=%22c6be071%22 data-element_type=%22widget%22 data-widget_type=%22text-editor.default%22>\n<div class=%22elementor-widget-container%22>\n<div class=%22elementor-element elementor-element-543fa58 e-flex e-con-boxed e-con e-child%22 data-id=%22543fa58%22 data-element_type=%22container%22>\n<div class=%22e-con-inner%22>\n<div class=%22elementor-element elementor-element-408bde2 elementor-widget elementor-widget-text-editor%22 data-id=%22408bde2%22 data-element_type=%22widget%22 data-widget_type=%22text-editor.default%22>\n<div class=%22elementor-widget-container%22>\n<p>Mit dem gestalterischen Prop\u00e4deutikum bereiten wir dich auf ein Studium und die Aufnahmepr\u00fcfungen an einer gestalterischen Hochschule vor. Du lernst innerhalb des Prop\u00e4deutikums wichtige Techniken und Arbeitsweisen kennen, welche f\u00fcr die Aufnahme einer gestalterischen Hochschule wichtig  und relevant sind.<\/p>\n<\/div>\n<\/div>\n<\/div>\n<\/div>\n<div class=%22elementor-element elementor-element-4bf622b e-grid e-con-boxed e-con e-child%22 data-id=%224bf622b%22 data-element_type=%22container%22>\n<div class=%22e-con-inner%22>\n<div class=%22elementor-element elementor-element-2398265 elementor-widget elementor-widget-text-editor%22 data-id=%222398265%22 data-element_type=%22widget%22 data-widget_type=%22text-editor.default%22>\n<div class=%22elementor-widget-container%22>\n<ul><\/ul>\n<\/div>\n<\/div>\n<\/div>\n<\/div>\n<\/div>\n<\/div>\n<\/div>\n<\/div>\n<p>&#8220; content_phone=&#8220;<\/p>\n<div class=%22elementor-element elementor-element-488011c e-flex e-con-boxed e-con e-child%22 data-id=%22488011c%22 data-element_type=%22container%22>\n<div class=%22e-con-inner%22>\n<div class=%22elementor-element elementor-element-c6be071 elementor-widget elementor-widget-text-editor%22 data-id=%22c6be071%22 data-element_type=%22widget%22 data-widget_type=%22text-editor.default%22>\n<div class=%22elementor-widget-container%22>\n<div class=%22elementor-element elementor-element-543fa58 e-flex e-con-boxed e-con e-child%22 data-id=%22543fa58%22 data-element_type=%22container%22>\n<div class=%22e-con-inner%22>\n<div class=%22elementor-element elementor-element-408bde2 elementor-widget elementor-widget-text-editor%22 data-id=%22408bde2%22 data-element_type=%22widget%22 data-widget_type=%22text-editor.default%22>\n<div class=%22elementor-widget-container%22>\n<p>Mit dem gestalterischen Prop\u00e4deutikum bereiten wir dich auf ein Studium und die Aufnahmepr\u00fcfungen an einer gestalterischen Hochschule vor. Du lernst innerhalb des Prop\u00e4deutikums wichtige Techniken und Arbeitsweisen kennen, welche f\u00fcr die Aufnahme einer gestalterischen Hochschule wichtig  und relevant sind.<\/p>\n<\/div>\n<\/div>\n<\/div>\n<\/div>\n<div class=%22elementor-element elementor-element-4bf622b e-grid e-con-boxed e-con e-child%22 data-id=%224bf622b%22 data-element_type=%22container%22>\n<div class=%22e-con-inner%22>\n<div class=%22elementor-element elementor-element-2398265 elementor-widget elementor-widget-text-editor%22 data-id=%222398265%22 data-element_type=%22widget%22 data-widget_type=%22text-editor.default%22>\n<div class=%22elementor-widget-container%22>\n<ul><\/ul>\n<\/div>\n<\/div>\n<\/div>\n<\/div>\n<\/div>\n<\/div>\n<\/div>\n<\/div>\n<p>&#8220; content_last_edited=&#8220;on|phone&#8220; _builder_version=&#8220;4.26.1&#8243; _module_preset=&#8220;default&#8220; header_font=&#8220;Arial|600||on|||||&#8220; header_text_align=&#8220;left&#8220; header_font_size=&#8220;28px&#8220; header_letter_spacing=&#8220;2px&#8220; header_line_height=&#8220;1.1em&#8220; body_font=&#8220;|600|||||||&#8220; body_text_align=&#8220;left&#8220; body_font_size=&#8220;22px&#8220; body_letter_spacing=&#8220;1px&#8220; body_line_height=&#8220;1.6em&#8220; background_color=&#8220;#9b9b9b&#8220; background_image=&#8220;https:\/\/kunstschuleluzern.ch\/wp-content\/uploads\/2024\/07\/pexels-thirdman-6732467-scaled-1.jpg&#8220; background_position=&#8220;top_center&#8220; background_vertical_offset=&#8220;22%&#8220; background_blend=&#8220;multiply&#8220; link_option_url=&#8220;https:\/\/kunstschule.org\/propaedeutikum\/&#8220; header_font_size_tablet=&#8220;28px&#8220; header_font_size_phone=&#8220;22px&#8220; header_font_size_last_edited=&#8220;on|phone&#8220; body_font_size_tablet=&#8220;22px&#8220; body_font_size_phone=&#8220;16px&#8220; body_font_size_last_edited=&#8220;on|phone&#8220; global_colors_info=&#8220;{}&#8220; background__hover_enabled=&#8220;on|desktop&#8220; background_color__hover=&#8220;#606060&#8243; background_enable_color__hover=&#8220;on&#8220; theme_builder_area=&#8220;post_content&#8220;]<\/p>\n<div class=\"elementor-element elementor-element-488011c e-flex e-con-boxed e-con e-child\" data-id=\"488011c\" data-element_type=\"container\">\n<div class=\"e-con-inner\">\n<div class=\"elementor-element elementor-element-c6be071 elementor-widget elementor-widget-text-editor\" data-id=\"c6be071\" data-element_type=\"widget\" data-widget_type=\"text-editor.default\">\n<div class=\"elementor-widget-container\">\n<div class=\"elementor-element elementor-element-543fa58 e-flex e-con-boxed e-con e-child\" data-id=\"543fa58\" data-element_type=\"container\">\n<div class=\"e-con-inner\">\n<div class=\"elementor-element elementor-element-408bde2 elementor-widget elementor-widget-text-editor\" data-id=\"408bde2\" data-element_type=\"widget\" data-widget_type=\"text-editor.default\">\n<div class=\"elementor-widget-container\">\n<p>Mit dem gestalterischen Prop\u00e4deutikum bereiten wir dich auf ein Studium und die Aufnahmepr\u00fcfungen an einer gestalterischen Hochschule vor. Du lernst innerhalb des Prop\u00e4deutikums wichtige Techniken und Arbeitsweisen kennen, welche f\u00fcr die Aufnahme einer gestalterischen Hochschule wichtig\u00a0 und relevant sind.<\/p>\n<\/div>\n<\/div>\n<\/div>\n<\/div>\n<div class=\"elementor-element elementor-element-4bf622b e-grid e-con-boxed e-con e-child\" data-id=\"4bf622b\" data-element_type=\"container\">\n<div class=\"e-con-inner\">\n<div class=\"elementor-element elementor-element-2398265 elementor-widget elementor-widget-text-editor\" data-id=\"2398265\" data-element_type=\"widget\" data-widget_type=\"text-editor.default\">\n<div class=\"elementor-widget-container\">\n<ul><\/ul>\n<\/div>\n<\/div>\n<\/div>\n<\/div>\n<\/div>\n<\/div>\n<\/div>\n<\/div>\n<p>[\/et_pb_cta][\/et_pb_column][\/et_pb_row][et_pb_row _builder_version=&#8220;4.26.1&#8243; _module_preset=&#8220;default&#8220; global_colors_info=&#8220;{}&#8220; theme_builder_area=&#8220;post_content&#8220;][et_pb_column type=&#8220;4_4&#8243; _builder_version=&#8220;4.26.1&#8243; _module_preset=&#8220;default&#8220; global_colors_info=&#8220;{}&#8220; theme_builder_area=&#8220;post_content&#8220;][et_pb_heading title=&#8220;Freizeit- und Weiterbildungskurse&#8220; _builder_version=&#8220;4.26.1&#8243; _module_preset=&#8220;default&#8220; title_level=&#8220;h2&#8243; title_font=&#8220;Arial|600|||||||&#8220; title_font_size=&#8220;38px&#8220; title_text_color_tablet=&#8220;&#8220; title_text_color_phone=&#8220;&#8220; title_text_color_last_edited=&#8220;on|desktop&#8220; title_font_size_tablet=&#8220;38px&#8220; title_font_size_phone=&#8220;22px&#8220; title_font_size_last_edited=&#8220;on|phone&#8220; global_colors_info=&#8220;{}&#8220; theme_builder_area=&#8220;post_content&#8220;][\/et_pb_heading][et_pb_cta title=&#8220;freizeitkurse&#8220; button_text=&#8220;Klicks&#8220; _builder_version=&#8220;4.27.0&#8243; _module_preset=&#8220;default&#8220; header_font=&#8220;Arial|600||on|||||&#8220; header_text_align=&#8220;left&#8220; header_font_size=&#8220;28px&#8220; header_letter_spacing=&#8220;2px&#8220; header_line_height=&#8220;1.1em&#8220; body_font=&#8220;|600|||||||&#8220; body_text_align=&#8220;left&#8220; body_font_size=&#8220;28px&#8220; body_letter_spacing=&#8220;1px&#8220; body_line_height=&#8220;1.5em&#8220; background_color=&#8220;#9b9b9b&#8220; background_image=&#8220;https:\/\/kunstschuleluzern.ch\/wp-content\/uploads\/2024\/07\/26a7404e-1628-4d5d-82f0-00842db51ca4.png&#8220; background_position=&#8220;top_center&#8220; background_vertical_offset=&#8220;22%&#8220; background_blend=&#8220;multiply&#8220; text_orientation=&#8220;left&#8220; link_option_url=&#8220;https:\/\/kunstschule.org\/kurse-luzern\/&#8220; hover_enabled=&#8220;0&#8243; header_font_size_tablet=&#8220;28px&#8220; header_font_size_phone=&#8220;22px&#8220; header_font_size_last_edited=&#8220;on|phone&#8220; body_font_size_tablet=&#8220;28px&#8220; body_font_size_phone=&#8220;16px&#8220; body_font_size_last_edited=&#8220;on|desktop&#8220; global_colors_info=&#8220;{}&#8220; background__hover_enabled=&#8220;on|desktop&#8220; background_color__hover=&#8220;#606060&#8243; background_enable_color__hover=&#8220;on&#8220; theme_builder_area=&#8220;post_content&#8220; sticky_enabled=&#8220;0&#8243;]<\/p>\n<div class=\"elementor-element elementor-element-488011c e-flex e-con-boxed e-con e-child\" data-id=\"488011c\" data-element_type=\"container\">\n<div class=\"e-con-inner\">\n<div class=\"elementor-element elementor-element-c6be071 elementor-widget elementor-widget-text-editor\" data-id=\"c6be071\" data-element_type=\"widget\" data-widget_type=\"text-editor.default\">\n<div class=\"elementor-widget-container\">\n<div class=\"elementor-element elementor-element-543fa58 e-flex e-con-boxed e-con e-child\" data-id=\"543fa58\" data-element_type=\"container\">\n<div class=\"e-con-inner\">\n<div class=\"elementor-element elementor-element-408bde2 elementor-widget elementor-widget-text-editor\" data-id=\"408bde2\" data-element_type=\"widget\" data-widget_type=\"text-editor.default\">\n<div class=\"elementor-widget-container\">\n<p>Von Malen, Zeichnen, 3D Gestalten bis hin zu Grafik und Fotografie ist alles dabei. Wir bieten Kurse mit Experten, die \u00fcber jahrelange Erfahrung verf\u00fcgen an.<br \/>Melde dich noch heute an!<\/p>\n<\/div>\n<\/div>\n<\/div>\n<\/div>\n<\/div>\n<\/div>\n<\/div>\n<\/div>\n<p>[\/et_pb_cta][\/et_pb_column][\/et_pb_row][\/et_pb_section][et_pb_section fb_built=&#8220;1&#8243; _builder_version=&#8220;4.26.1&#8243; _module_preset=&#8220;default&#8220; global_colors_info=&#8220;{}&#8220; theme_builder_area=&#8220;post_content&#8220;][\/et_pb_section]<\/p>\n","protected":false},"excerpt":{"rendered":"<p>Der Vorkurs ist spezifisch auf Schulabg\u00e4nger*Innen zugeschnitten und bereitet im Anschluss nach der obligatorischen Schulzeit auf eine gestalterische Berufslehre vor. Du lernst innerhalb des Vorkurses wichtige Techniken und Arbeitsweisen, welche f\u00fcr die Gestaltungsindustrie rlevant und wichtig sind. Mit dem gestalterischen Prop\u00e4deutikum bereiten wir dich auf ein Studium und die Aufnahmepr\u00fcfungen an einer gestalterischen Hochschule vor. [&hellip;]<\/p>\n","protected":false},"author":1,"featured_media":0,"parent":0,"menu_order":0,"comment_status":"closed","ping_status":"closed","template":"","meta":{"_et_pb_use_builder":"on","_et_pb_old_content":"","_et_gb_content_width":"","footnotes":""},"class_list":["post-66","page","type-page","status-publish","hentry"],"yoast_head":"<!-- This site is optimized with the Yoast SEO plugin v23.0 - https:\/\/yoast.com\/wordpress\/plugins\/seo\/ -->\n<title>Home - kunstschuleluzern.ch<\/title>\n<meta name=\"robots\" content=\"index, follow, max-snippet:-1, max-image-preview:large, max-video-preview:-1\" \/>\n<link rel=\"canonical\" href=\"https:\/\/kunstschuleluzern.ch\/\" \/>\n<meta property=\"og:locale\" content=\"de_DE\" \/>\n<meta property=\"og:type\" content=\"article\" \/>\n<meta property=\"og:title\" content=\"Home - kunstschuleluzern.ch\" \/>\n<meta property=\"og:description\" content=\"Der Vorkurs ist spezifisch auf Schulabg\u00e4nger*Innen zugeschnitten und bereitet im Anschluss nach der obligatorischen Schulzeit auf eine gestalterische Berufslehre vor. Du lernst innerhalb des Vorkurses wichtige Techniken und Arbeitsweisen, welche f\u00fcr die Gestaltungsindustrie rlevant und wichtig sind. Mit dem gestalterischen Prop\u00e4deutikum bereiten wir dich auf ein Studium und die Aufnahmepr\u00fcfungen an einer gestalterischen Hochschule vor. [&hellip;]\" \/>\n<meta property=\"og:url\" content=\"https:\/\/kunstschuleluzern.ch\/\" \/>\n<meta property=\"og:site_name\" content=\"kunstschuleluzern.ch\" \/>\n<meta property=\"article:modified_time\" content=\"2024-07-22T11:14:08+00:00\" \/>\n<meta name=\"twitter:card\" content=\"summary_large_image\" \/>\n<script type=\"application\/ld+json\" class=\"yoast-schema-graph\">{\"@context\":\"https:\/\/schema.org\",\"@graph\":[{\"@type\":\"WebPage\",\"@id\":\"https:\/\/kunstschuleluzern.ch\/\",\"url\":\"https:\/\/kunstschuleluzern.ch\/\",\"name\":\"Home - kunstschuleluzern.ch\",\"isPartOf\":{\"@id\":\"https:\/\/kunstschuleluzern.ch\/#website\"},\"datePublished\":\"2024-07-22T11:13:44+00:00\",\"dateModified\":\"2024-07-22T11:14:08+00:00\",\"breadcrumb\":{\"@id\":\"https:\/\/kunstschuleluzern.ch\/#breadcrumb\"},\"inLanguage\":\"de\",\"potentialAction\":[{\"@type\":\"ReadAction\",\"target\":[\"https:\/\/kunstschuleluzern.ch\/\"]}]},{\"@type\":\"BreadcrumbList\",\"@id\":\"https:\/\/kunstschuleluzern.ch\/#breadcrumb\",\"itemListElement\":[{\"@type\":\"ListItem\",\"position\":1,\"name\":\"Startseite\",\"item\":\"https:\/\/kunstschuleluzern.ch\/\"},{\"@type\":\"ListItem\",\"position\":2,\"name\":\"Home\"}]},{\"@type\":\"WebSite\",\"@id\":\"https:\/\/kunstschuleluzern.ch\/#website\",\"url\":\"https:\/\/kunstschuleluzern.ch\/\",\"name\":\"kunstschuleluzern.ch\",\"description\":\"\",\"potentialAction\":[{\"@type\":\"SearchAction\",\"target\":{\"@type\":\"EntryPoint\",\"urlTemplate\":\"https:\/\/kunstschuleluzern.ch\/?s={search_term_string}\"},\"query-input\":\"required name=search_term_string\"}],\"inLanguage\":\"de\"}]}<\/script>\n<!-- \/ Yoast SEO plugin. -->","yoast_head_json":{"title":"Home - kunstschuleluzern.ch","robots":{"index":"index","follow":"follow","max-snippet":"max-snippet:-1","max-image-preview":"max-image-preview:large","max-video-preview":"max-video-preview:-1"},"canonical":"https:\/\/kunstschuleluzern.ch\/","og_locale":"de_DE","og_type":"article","og_title":"Home - kunstschuleluzern.ch","og_description":"Der Vorkurs ist spezifisch auf Schulabg\u00e4nger*Innen zugeschnitten und bereitet im Anschluss nach der obligatorischen Schulzeit auf eine gestalterische Berufslehre vor. Du lernst innerhalb des Vorkurses wichtige Techniken und Arbeitsweisen, welche f\u00fcr die Gestaltungsindustrie rlevant und wichtig sind. Mit dem gestalterischen Prop\u00e4deutikum bereiten wir dich auf ein Studium und die Aufnahmepr\u00fcfungen an einer gestalterischen Hochschule vor. [&hellip;]","og_url":"https:\/\/kunstschuleluzern.ch\/","og_site_name":"kunstschuleluzern.ch","article_modified_time":"2024-07-22T11:14:08+00:00","twitter_card":"summary_large_image","schema":{"@context":"https:\/\/schema.org","@graph":[{"@type":"WebPage","@id":"https:\/\/kunstschuleluzern.ch\/","url":"https:\/\/kunstschuleluzern.ch\/","name":"Home - kunstschuleluzern.ch","isPartOf":{"@id":"https:\/\/kunstschuleluzern.ch\/#website"},"datePublished":"2024-07-22T11:13:44+00:00","dateModified":"2024-07-22T11:14:08+00:00","breadcrumb":{"@id":"https:\/\/kunstschuleluzern.ch\/#breadcrumb"},"inLanguage":"de","potentialAction":[{"@type":"ReadAction","target":["https:\/\/kunstschuleluzern.ch\/"]}]},{"@type":"BreadcrumbList","@id":"https:\/\/kunstschuleluzern.ch\/#breadcrumb","itemListElement":[{"@type":"ListItem","position":1,"name":"Startseite","item":"https:\/\/kunstschuleluzern.ch\/"},{"@type":"ListItem","position":2,"name":"Home"}]},{"@type":"WebSite","@id":"https:\/\/kunstschuleluzern.ch\/#website","url":"https:\/\/kunstschuleluzern.ch\/","name":"kunstschuleluzern.ch","description":"","potentialAction":[{"@type":"SearchAction","target":{"@type":"EntryPoint","urlTemplate":"https:\/\/kunstschuleluzern.ch\/?s={search_term_string}"},"query-input":"required name=search_term_string"}],"inLanguage":"de"}]}},"_links":{"self":[{"href":"https:\/\/kunstschuleluzern.ch\/index.php?rest_route=\/wp\/v2\/pages\/66","targetHints":{"allow":["GET"]}}],"collection":[{"href":"https:\/\/kunstschuleluzern.ch\/index.php?rest_route=\/wp\/v2\/pages"}],"about":[{"href":"https:\/\/kunstschuleluzern.ch\/index.php?rest_route=\/wp\/v2\/types\/page"}],"author":[{"embeddable":true,"href":"https:\/\/kunstschuleluzern.ch\/index.php?rest_route=\/wp\/v2\/users\/1"}],"replies":[{"embeddable":true,"href":"https:\/\/kunstschuleluzern.ch\/index.php?rest_route=%2Fwp%2Fv2%2Fcomments&post=66"}],"version-history":[{"count":3,"href":"https:\/\/kunstschuleluzern.ch\/index.php?rest_route=\/wp\/v2\/pages\/66\/revisions"}],"predecessor-version":[{"id":74,"href":"https:\/\/kunstschuleluzern.ch\/index.php?rest_route=\/wp\/v2\/pages\/66\/revisions\/74"}],"wp:attachment":[{"href":"https:\/\/kunstschuleluzern.ch\/index.php?rest_route=%2Fwp%2Fv2%2Fmedia&parent=66"}],"curies":[{"name":"wp","href":"https:\/\/api.w.org\/{rel}","templated":true}]}}